


{"id":2927,"date":"2015-08-15T13:19:11","date_gmt":"2015-08-15T13:19:11","guid":{"rendered":"http:\/\/massagejaco.com\/es\/?page_id=2927"},"modified":"2019-04-05T17:04:19","modified_gmt":"2019-04-05T17:04:19","slug":"inicio","status":"publish","type":"page","link":"http:\/\/massagejaco.com\/es\/","title":{"rendered":"masajes jaco"},"content":{"rendered":"<h1>Masajes Jaco Yoga Spa<\/h1>\n<p>&nbsp;<\/p>\n<img decoding=\"async\" class=\"alignnone size-full wp-image-2999\" src=\"http:\/\/massagejaco.com\/wp-content\/uploads\/2015\/10\/massage-jaco-cr.png\" alt=\"Masajes Jaco\" width=\"156\" height=\"73\" \/>masaje jaco \/ jaco masaje \/\u00a0masaje playa jaco \/ playa jaco masaje \u00a0<img decoding=\"async\" class=\"alignnone size-full wp-image-2999\" src=\"http:\/\/massagejaco.com\/wp-content\/uploads\/2015\/10\/massage-jaco-cr.png\" alt=\"Masajes Jaco\" width=\"156\" height=\"73\" \/>\n<p>&nbsp;<\/p>\n<p>En un solo lugar encuentras desde los tratamientos reductores m\u00e1s comunes hasta los tratamientos con la aparatolog\u00eda m\u00e1s avanzados del mercado como los equipos con Laser Diodo para hacer la Liposucci\u00f3n sin cirug\u00eda del siglo XXI o lip\u00f3lisis Laser. masaje jaco<\/p>\n<p>Tipos de Masaje<\/p>\n<p>Pod\u00edamos decir que existen diversas modalidades de masajes, tanto por t\u00e9cnica de aplicaci\u00f3n como por la zona donde se aplica el masaje, de esa forma tenemos:<\/p>\n<p><strong>Por Localizaci\u00f3n del masaje:<\/strong><\/p>\n<p><em>Masaje local:<\/em><\/p>\n<p>Al que s\u00f3lo se hace en una determinada parte del cuerpo (espalda, brazo, etc.). Suele ser m\u00e1s minucioso que el masaje general.<\/p>\n<p>La duraci\u00f3n variara seg\u00fan finalidad del mismo, del tipo de masaje, del terapeuta que lo efect\u00faa.<\/p>\n<p>De tal forma que dedicaremos menos tiempo en un masaje que afecte al brazo que en un masaje de espalda.<\/p>\n<p><em>Masaje General:<\/em><\/p>\n<p>Es cuando en una sesi\u00f3n se aplica en todo el cuerpo del paciente. Y la duraci\u00f3n del mismo depende del tipo y objetivo a su vez que de las caracter\u00edsticas del paciente.<\/p>\n<p>Suelen durar aproximadamente 50 a 60 Min. El tiempo que suelen tardar en las distintas partes del cuerpo son:<\/p>\n<p>\u2022 Espalda, cuello, antebrazos, pelvis: 15-20 min<br \/>\n\u2022 Muslos, rodillas, piernas, articulaciones, manos y dedos: 30-35 min<br \/>\n\u2022 Pecho, vientre: 10-15mn<\/p>\n<p>A menudo es normal que se dedique m\u00e1s tiempo a una parte del cuerpo que a otra dependiendo de la finalidad que estemos aplicando el masaje.<\/p>\n<div class=\"wp-caption aligncenter\">\n<img decoding=\"async\" title=\"Masaje\" src=\"http:\/\/upload.wikimedia.org\/wikipedia\/commons\/thumb\/9\/9c\/Massage_Frankfurt.jpg\/512px-Massage_Frankfurt.jpg\" alt=\"\" \/>\n<p class=\"wp-caption-text\">Derechos de foto Wikimedia<\/p>\n<\/div>\n<p><strong>Tipos del masaje seg\u00fan la t\u00e9cnica:<\/strong><\/p>\n<p>Hay much\u00edsimas\u00a0t\u00e9cnicas de masajes\u00a0distintas, cada una con fines y resultados distintos aunque a simple vista nos pueda parecer muy parecido. Paso a nombrar algunos de los m\u00e1s relevantes .<\/p>\n<p><em>\u00a0Masaje sueco:<\/em><\/p>\n<p>El masaje m\u00e1s com\u00fan entre los occidentales\u00a0Se trata de movimientos suaves sobre el tejido superficial del organismo, con la finalidad de mejorar el estado de bienestar del que recibe el masaje. Esta t\u00e9cnica se la debemos a Henrik Ling en Suecia a\u00f1o 1830 masajes jaco .<\/p>\n<p><em>Masaje Linf\u00e1tico:<\/em><\/p>\n<p>El masaje linf\u00e1tico es muy \u00fatil para ayudar a la eliminaci\u00f3n del cuerpo de los desechos y toxinas, estimula el sistema linf\u00e1tico\u00a0activando la circulaci\u00f3n sangu\u00ednea, tiene muchos beneficios para el cuerpo, incluyendo\u00a0la p\u00e9rdida de peso\u00a0y la reducci\u00f3n de la cantidad de celulitis\u00a0masajes jaco<\/p>\n<p><em>Quiromasaje:<\/em><\/p>\n<p>Conjunto de movimientos realizados con las manos en contacto del cuerpo del paciente, estos movimientos, que son de varios tipos: fricciones, palmadas, pellizcos, sacudidas vertebrales, movilizaciones, etc., destinados en el tratamiento y prevenci\u00f3n de los trastornos mec\u00e1nicos del aparato neuromuscular y m\u00fasculo-esquel\u00e9tico.\u00a0masajes jaco<\/p>\n<p><em>Shiatsu:<\/em><\/p>\n<p>Se aplica presi\u00f3n en puntos espec\u00edficos del cuerpo para canalizar el flujo de energ\u00eda correctamente por todo el cuerpo. Estos puntos se denominan\u00a0acupresi\u00f3n\u00a0puntos, y se cree que es importante para el flujo de energ\u00eda vital del cuerpo, llamada Chi. El masaje se realiza sin el uso de cualquier tipo de aceites y el cliente permanece completamente vestido durante el procedimiento masajes jaco .<\/p>\n<p><em>Reflexolog\u00eda:<\/em><\/p>\n<p>Conocido como masaje del pie, este tipo de masaje se basa en la creencia de que nuestros pies contienen todos los nervios de nuestro cuerpo y que por medio de la estimulaci\u00f3n de ciertos puntos en los pies podemos hacer frente a varios problemas de salud en diferentes partes del cuerpo masajes jaco.<\/p>\n<p><em>De tejido profundo:<\/em><\/p>\n<p>Este tipo de masaje tiene como objetivo los tejidos de m\u00fasculos, tendones y otros tejidos profundos debajo de la piel. De efecto mas terap\u00e9utico se utiliza para tratar los m\u00fasculos lesionados que tienden a ser comunes para los atletas. Alivia tensi\u00f3n cr\u00f3nica y ayuda con las lesiones musculares.masajes jaco<\/p>\n<p><em>Osteopat\u00eda:<\/em><\/p>\n<p>Basado en la manipulaci\u00f3n de los huesos y los m\u00fasculo mediante diversas t\u00e9cnicas de manipulaci\u00f3n para corregir las afectaciones del sistema m\u00fasculo-esquel\u00e9tico\u00a0masajes jaco<\/p>\n<p><em>Masaje Piedras calientes:<\/em><\/p>\n<p>Consiste en aplicar piedras lisas de basalto calientes en zona diversos como puntos de acupresi\u00f3n \u00f3 un \u00e1rea determinada del cuerpo como por ejemplo la espalda. Las piedras pueden ser utilizadas como herramientas de masaje o dejarlas temporalmente en su lugar. Se usan normalmente en personas que sufren de dolor de espalda o que tienen de mala circulaci\u00f3n de la sangre entre otras acciones. Es muy usado en balnearios\u00a0masajes jaco<\/p>\n<p><em>Masaje Tailand\u00e9s:<\/em><\/p>\n<p>El terapeuta utilizara su cuerpo para mover el cliente en una variedad de posiciones.\u00a0Este tipo de masaje incluye la compresi\u00f3n de los m\u00fasculos, la movilizaci\u00f3n de las articulaciones, y la acupresi\u00f3n. El masaje tailand\u00e9s se realiza generalmente sobre una colchoneta en el suelo y llevando ropa holgada\u00a0masajes jaco<\/p>\n<p><em>Masaje Deportivo:<\/em><\/p>\n<p>Ayuda a prevenir\u00a0lesiones, para preparar el cuerpo para la actividad deportiva y\u00a0mantenerlo en condiciones \u00f3ptimas, y para ayudar a los atletas\u00a0recuperarse de los entrenamientos y las lesiones recuperando la normalidad de los sistemas musculares utilizados para un deporte en particular. Se usa antes o despu\u00e9s de los eventos deportivos seg\u00fan la finalidad a obtener.masajes jaco<\/p>\n<p>En la siguiente lista puedes ver los precios por sesi\u00f3n, pero recuerda que tenemos sesiones para \u00e1reas espec\u00edficas del cuerpo o resultados puntuales como levantamiento de gl\u00fateos, quitar estr\u00edas, tonificaci\u00f3n, quitar celulitis, etc. masajes jaco<\/p>\n<div class=\"br-bot clear\">\n<h3>ESCRIBANOS PARA PREGUNTAR POR LOS PRECIOS DE LOS MASAJES JACO Y TRATAMIENTOS<\/h3>\n<ul class=\"list\">\n<li>Masaje jaco relajante reductor<\/li>\n<li>Masaje jaco Corporal Relajante tiempo 45 minutos<\/li>\n<li>Masaje jaco Corporal Relajante Con Drenaje Linf\u00e1tico y Ultrasonido 1 hora<\/li>\n<li>Masaje jaco Relajante Corporal con Bamb\u00fa o Piedras Volc\u00e1nica<\/li>\n<li>Sesi\u00f3n Hidrataci\u00f3n Corporal (Exfoliaci\u00f3n y Mascarilla)<\/li>\n<li>Sesi\u00f3n mascarilla de chocolate corporal<\/li>\n<li>Sauna, Turco o Jacuzzi x1hora c\/u<u><\/u><\/li>\n<li>Sesi\u00f3n Vacumterapia<u><\/u><\/li>\n<li>Sesi\u00f3n IPL Corporal<\/li>\n<li>Sesi\u00f3n Carboxiterapia corporal<\/li>\n<li>Sesi\u00f3n Ozono corporal<u><\/u><\/li>\n<li>Cromo electro estimulaci\u00f3n Sesi\u00f3n<\/li>\n<li>Sesi\u00f3n Vendas Fr\u00edas\/Calientes Sesi\u00f3n<\/li>\n<li>Sesi\u00f3n Ultrasonido (post Quir\u00fargicos, dolor)<\/li>\n<li>Sesi\u00f3n Terraqua (post Quir\u00fargicos, dolor)<\/li>\n<li>Sesi\u00f3n Presoterapia ( Drenaje Linfatico)<\/li>\n<li>Sesi\u00f3n Lipolisis y masaje reductor<u><\/u><\/li>\n<li>Sesi\u00f3n Cavitaci\u00f3n mas masaje reductor<u><\/u><\/li>\n<li>Sesi\u00f3n Radiofrecuencia (Tonificaci\u00f3n)<\/li>\n<li>Limpieza de piel pecho y espalda<\/li>\n<\/ul>\n<ul class=\"list\">\n<li>Limpieza de Piel con productos Europeos<\/li>\n<li>Limpieza de piel con productos nacionales<\/li>\n<li>Sesi\u00f3n Microdermoabrasi\u00f3n<\/li>\n<li>Hidrataci\u00f3n Facial Productos Europeos<\/li>\n<li>Hidrataci\u00f3n Facial Productos Nacionales<\/li>\n<li>Velos de Col\u00e1geno Productos Europeos<\/li>\n<li>Velos de Col\u00e1geno Productos Nacionales<\/li>\n<li>Sesi\u00f3n Hidrataci\u00f3n de Parpados<\/li>\n<li>Sesi\u00f3n Carboxiterapia Facial<\/li>\n<li>Sesi\u00f3n Ozono<\/li>\n<li>Sesi\u00f3n IPL Facial<\/li>\n<li>Sesi\u00f3n de masaje drenaje linf\u00e1tico Facial<\/li>\n<li>Sesi\u00f3n de drenaje linf\u00e1tico mas ultrasonido<\/li>\n<\/ul>\n<p>los sue\u00f1os masajes, masajes los sue\u00f1os, masajes playa hermosa,playa hermosa masajes , herradura masajes , masajes playa heradura<\/p>\n<h1 class=\"yt watch-title-container\"><\/h1>\n<h1 style=\"text-align: center;\"><a href=\"https:\/\/www.facebook.com\/Jaco-Healing-Arts-1484028551899938\/\" target=\"_blank\"><img decoding=\"async\" class=\"alignnone wp-image-3432\" src=\"http:\/\/massagejaco.com\/wp-content\/uploads\/2014\/05\/massagejaco_face.jpg\" alt=\"massage jaco\" width=\"108\" height=\"108\" srcset=\"http:\/\/massagejaco.com\/wp-content\/uploads\/2014\/05\/massagejaco_face.jpg 225w, http:\/\/massagejaco.com\/wp-content\/uploads\/2014\/05\/massagejaco_face-150x150.jpg 150w\" sizes=\"(max-width: 108px) 100vw, 108px\" \/>Masage Jaco Healing Arts &amp; Spa<img decoding=\"async\" class=\"wp-image-3432 alignnone\" src=\"http:\/\/massagejaco.com\/wp-content\/uploads\/2014\/05\/massagejaco_face.jpg\" alt=\"massage jaco\" width=\"108\" height=\"108\" srcset=\"http:\/\/massagejaco.com\/wp-content\/uploads\/2014\/05\/massagejaco_face.jpg 225w, http:\/\/massagejaco.com\/wp-content\/uploads\/2014\/05\/massagejaco_face-150x150.jpg 150w\" sizes=\"(max-width: 108px) 100vw, 108px\" \/><\/a><\/h1>\n<\/div>\n","protected":false},"excerpt":{"rendered":"<p>Masajes Jaco Yoga Spa &nbsp; masaje jaco \/ jaco masaje \/\u00a0masaje playa jaco \/ playa jaco masaje \u00a0 &nbsp; En un solo lugar encuentras desde los tratamientos reductores m\u00e1s comunes hasta los tratamientos con la aparatolog\u00eda m\u00e1s avanzados del mercado como los equipos con Laser Diodo para hacer la Liposucci\u00f3n sin cirug\u00eda del siglo XXI [&hellip;]<\/p>\n","protected":false},"author":1,"featured_media":0,"parent":0,"menu_order":0,"comment_status":"closed","ping_status":"closed","template":"","meta":[],"yoast_head":"<!-- This site is optimized with the Yoast SEO plugin v19.14 - https:\/\/yoast.com\/wordpress\/plugins\/seo\/ -->\n<title>masajes jaco - Massage Jaco<\/title>\n<meta name=\"description\" content=\"Jaco Healing Art &amp; Spa masajes Jaco - duo masajes Jaco - pareja masaje jaco - Skin - Massage &amp; Yoga Wellness Center Tel: (506)-70534926 Servicio a Domicilio\" \/>\n<meta name=\"robots\" content=\"index, follow, max-snippet:-1, max-image-preview:large, max-video-preview:-1\" \/>\n<link rel=\"canonical\" href=\"http:\/\/massagejaco.com\/es\/\" \/>\n<meta property=\"og:locale\" content=\"es_ES\" \/>\n<meta property=\"og:type\" content=\"article\" \/>\n<meta property=\"og:title\" content=\"masajes jaco - Massage Jaco\" \/>\n<meta property=\"og:description\" content=\"Jaco Healing Art &amp; Spa masajes Jaco - duo masajes Jaco - pareja masaje jaco - Skin - Massage &amp; Yoga Wellness Center Tel: (506)-70534926 Servicio a Domicilio\" \/>\n<meta property=\"og:url\" content=\"http:\/\/massagejaco.com\/es\/\" \/>\n<meta property=\"og:site_name\" content=\"Massage Jaco\" \/>\n<meta property=\"article:publisher\" content=\"https:\/\/www.facebook.com\/Jaco-Healing-Arts-1484028551899938\/\" \/>\n<meta property=\"article:modified_time\" content=\"2019-04-05T17:04:19+00:00\" \/>\n<meta property=\"og:image\" content=\"http:\/\/massagejaco.com\/wp-content\/uploads\/2015\/10\/massage-jaco-cr.png\" \/>\n<meta name=\"twitter:card\" content=\"summary_large_image\" \/>\n<meta name=\"twitter:label1\" content=\"Tiempo de lectura\" \/>\n\t<meta name=\"twitter:data1\" content=\"6 minutos\" \/>\n<script type=\"application\/ld+json\" class=\"yoast-schema-graph\">{\"@context\":\"https:\/\/schema.org\",\"@graph\":[{\"@type\":\"WebPage\",\"@id\":\"http:\/\/massagejaco.com\/es\/\",\"url\":\"http:\/\/massagejaco.com\/es\/\",\"name\":\"masajes jaco - Massage Jaco\",\"isPartOf\":{\"@id\":\"http:\/\/massagejaco.com\/es\/#website\"},\"datePublished\":\"2015-08-15T13:19:11+00:00\",\"dateModified\":\"2019-04-05T17:04:19+00:00\",\"description\":\"Jaco Healing Art & Spa masajes Jaco - duo masajes Jaco - pareja masaje jaco - Skin - Massage & Yoga Wellness Center Tel: (506)-70534926 Servicio a Domicilio\",\"breadcrumb\":{\"@id\":\"http:\/\/massagejaco.com\/es\/#breadcrumb\"},\"inLanguage\":\"es\",\"potentialAction\":[{\"@type\":\"ReadAction\",\"target\":[\"http:\/\/massagejaco.com\/es\/\"]}]},{\"@type\":\"BreadcrumbList\",\"@id\":\"http:\/\/massagejaco.com\/es\/#breadcrumb\",\"itemListElement\":[{\"@type\":\"ListItem\",\"position\":1,\"name\":\"Home\",\"item\":\"http:\/\/massagejaco.com\/es\/\"},{\"@type\":\"ListItem\",\"position\":2,\"name\":\"masajes jaco\"}]},{\"@type\":\"WebSite\",\"@id\":\"http:\/\/massagejaco.com\/es\/#website\",\"url\":\"http:\/\/massagejaco.com\/es\/\",\"name\":\"Massage Jaco\",\"description\":\"Massage  Jaco &amp; Yoga  Wellness Center\",\"publisher\":{\"@id\":\"http:\/\/massagejaco.com\/es\/#organization\"},\"potentialAction\":[{\"@type\":\"SearchAction\",\"target\":{\"@type\":\"EntryPoint\",\"urlTemplate\":\"http:\/\/massagejaco.com\/es\/?s={search_term_string}\"},\"query-input\":\"required name=search_term_string\"}],\"inLanguage\":\"es\"},{\"@type\":\"Organization\",\"@id\":\"http:\/\/massagejaco.com\/es\/#organization\",\"name\":\"Massagejaco.com\",\"url\":\"http:\/\/massagejaco.com\/es\/\",\"logo\":{\"@type\":\"ImageObject\",\"inLanguage\":\"es\",\"@id\":\"http:\/\/massagejaco.com\/es\/#\/schema\/logo\/image\/\",\"url\":\"https:\/\/massagejaco.com\/wp-content\/uploads\/2017\/12\/Logo-massage-jaco1-e1514505478574.png\",\"contentUrl\":\"https:\/\/massagejaco.com\/wp-content\/uploads\/2017\/12\/Logo-massage-jaco1-e1514505478574.png\",\"width\":100,\"height\":69,\"caption\":\"Massagejaco.com\"},\"image\":{\"@id\":\"http:\/\/massagejaco.com\/es\/#\/schema\/logo\/image\/\"},\"sameAs\":[\"https:\/\/www.instagram.com\/massagejaco\/\",\"https:\/\/www.facebook.com\/Jaco-Healing-Arts-1484028551899938\/\"]}]}<\/script>\n<!-- \/ Yoast SEO plugin. -->","yoast_head_json":{"title":"masajes jaco - Massage Jaco","description":"Jaco Healing Art & Spa masajes Jaco - duo masajes Jaco - pareja masaje jaco - Skin - Massage & Yoga Wellness Center Tel: (506)-70534926 Servicio a Domicilio","robots":{"index":"index","follow":"follow","max-snippet":"max-snippet:-1","max-image-preview":"max-image-preview:large","max-video-preview":"max-video-preview:-1"},"canonical":"http:\/\/massagejaco.com\/es\/","og_locale":"es_ES","og_type":"article","og_title":"masajes jaco - Massage Jaco","og_description":"Jaco Healing Art & Spa masajes Jaco - duo masajes Jaco - pareja masaje jaco - Skin - Massage & Yoga Wellness Center Tel: (506)-70534926 Servicio a Domicilio","og_url":"http:\/\/massagejaco.com\/es\/","og_site_name":"Massage Jaco","article_publisher":"https:\/\/www.facebook.com\/Jaco-Healing-Arts-1484028551899938\/","article_modified_time":"2019-04-05T17:04:19+00:00","og_image":[{"url":"http:\/\/massagejaco.com\/wp-content\/uploads\/2015\/10\/massage-jaco-cr.png"}],"twitter_card":"summary_large_image","twitter_misc":{"Tiempo de lectura":"6 minutos"},"schema":{"@context":"https:\/\/schema.org","@graph":[{"@type":"WebPage","@id":"http:\/\/massagejaco.com\/es\/","url":"http:\/\/massagejaco.com\/es\/","name":"masajes jaco - Massage Jaco","isPartOf":{"@id":"http:\/\/massagejaco.com\/es\/#website"},"datePublished":"2015-08-15T13:19:11+00:00","dateModified":"2019-04-05T17:04:19+00:00","description":"Jaco Healing Art & Spa masajes Jaco - duo masajes Jaco - pareja masaje jaco - Skin - Massage & Yoga Wellness Center Tel: (506)-70534926 Servicio a Domicilio","breadcrumb":{"@id":"http:\/\/massagejaco.com\/es\/#breadcrumb"},"inLanguage":"es","potentialAction":[{"@type":"ReadAction","target":["http:\/\/massagejaco.com\/es\/"]}]},{"@type":"BreadcrumbList","@id":"http:\/\/massagejaco.com\/es\/#breadcrumb","itemListElement":[{"@type":"ListItem","position":1,"name":"Home","item":"http:\/\/massagejaco.com\/es\/"},{"@type":"ListItem","position":2,"name":"masajes jaco"}]},{"@type":"WebSite","@id":"http:\/\/massagejaco.com\/es\/#website","url":"http:\/\/massagejaco.com\/es\/","name":"Massage Jaco","description":"Massage  Jaco &amp; Yoga  Wellness Center","publisher":{"@id":"http:\/\/massagejaco.com\/es\/#organization"},"potentialAction":[{"@type":"SearchAction","target":{"@type":"EntryPoint","urlTemplate":"http:\/\/massagejaco.com\/es\/?s={search_term_string}"},"query-input":"required name=search_term_string"}],"inLanguage":"es"},{"@type":"Organization","@id":"http:\/\/massagejaco.com\/es\/#organization","name":"Massagejaco.com","url":"http:\/\/massagejaco.com\/es\/","logo":{"@type":"ImageObject","inLanguage":"es","@id":"http:\/\/massagejaco.com\/es\/#\/schema\/logo\/image\/","url":"https:\/\/massagejaco.com\/wp-content\/uploads\/2017\/12\/Logo-massage-jaco1-e1514505478574.png","contentUrl":"https:\/\/massagejaco.com\/wp-content\/uploads\/2017\/12\/Logo-massage-jaco1-e1514505478574.png","width":100,"height":69,"caption":"Massagejaco.com"},"image":{"@id":"http:\/\/massagejaco.com\/es\/#\/schema\/logo\/image\/"},"sameAs":["https:\/\/www.instagram.com\/massagejaco\/","https:\/\/www.facebook.com\/Jaco-Healing-Arts-1484028551899938\/"]}]}},"_links":{"self":[{"href":"http:\/\/massagejaco.com\/es\/wp-json\/wp\/v2\/pages\/2927"}],"collection":[{"href":"http:\/\/massagejaco.com\/es\/wp-json\/wp\/v2\/pages"}],"about":[{"href":"http:\/\/massagejaco.com\/es\/wp-json\/wp\/v2\/types\/page"}],"author":[{"embeddable":true,"href":"http:\/\/massagejaco.com\/es\/wp-json\/wp\/v2\/users\/1"}],"replies":[{"embeddable":true,"href":"http:\/\/massagejaco.com\/es\/wp-json\/wp\/v2\/comments?post=2927"}],"version-history":[{"count":12,"href":"http:\/\/massagejaco.com\/es\/wp-json\/wp\/v2\/pages\/2927\/revisions"}],"predecessor-version":[{"id":3404,"href":"http:\/\/massagejaco.com\/es\/wp-json\/wp\/v2\/pages\/2927\/revisions\/3404"}],"wp:attachment":[{"href":"http:\/\/massagejaco.com\/es\/wp-json\/wp\/v2\/media?parent=2927"}],"curies":[{"name":"wp","href":"https:\/\/api.w.org\/{rel}","templated":true}]}}